{"id":10680,"date":"2014-11-14T11:46:20","date_gmt":"2014-11-14T10:46:20","guid":{"rendered":"http:\/\/www.eeudfboulogne.fr\/v2\/?page_id=10680"},"modified":"2014-11-14T11:46:20","modified_gmt":"2014-11-14T10:46:20","slug":"horaires-et-lieux-de-rendez-vous","status":"publish","type":"page","link":"http:\/\/www.eeudfboulogne.fr\/v2\/horaires-et-lieux-de-rendez-vous\/","title":{"rendered":"Horaires et lieux de rendez-vous"},"content":{"rendered":"<p><b>Les rendez-vous des sorties ont lieu au local : 117 rue du ch\u00e2teau \u00e0 Boulogne, le dimanche \u00e0 10h, retour \u00e0 17h. <\/b><\/p>\n<p><b>Pour les week-ends, rendez-vous le samedi \u00e0 15h, retour le dimanche \u00e0 17h.<\/b><\/p>\n<p><b>Certaines dates peuvent \u00eatre modifi\u00e9es en fonction du calendrier des partiels des responsables (qui n\u2019ont<\/b><b> pas encore toutes leurs dates), et de leurs examens.<\/b><\/p>\n","protected":false},"excerpt":{"rendered":"<p>Les rendez-vous des sorties ont lieu au local : 117 rue du ch\u00e2teau \u00e0 Boulogne, le dimanche \u00e0 10h, retour \u00e0 17h. Pour les week-ends, rendez-vous le samedi \u00e0 15h, retour le dimanche \u00e0 17h. Certaines dates peuvent \u00eatre modifi\u00e9es en fonction du calendrier des partiels des responsables (qui n\u2019ont pas encore toutes leurs dates), &hellip; <\/p>\n<p class=\"link-more\"><a href=\"http:\/\/www.eeudfboulogne.fr\/v2\/horaires-et-lieux-de-rendez-vous\/\" class=\"more-link\">Continuer la lecture<span class=\"screen-reader-text\"> de &laquo;&nbsp;Horaires et lieux de rendez-vous&nbsp;&raquo;<\/span><\/a><\/p>\n","protected":false},"author":281,"featured_media":0,"parent":0,"menu_order":0,"comment_status":"closed","ping_status":"closed","template":"","meta":{"ngg_post_thumbnail":0},"_links":{"self":[{"href":"http:\/\/www.eeudfboulogne.fr\/v2\/wp-json\/wp\/v2\/pages\/10680"}],"collection":[{"href":"http:\/\/www.eeudfboulogne.fr\/v2\/wp-json\/wp\/v2\/pages"}],"about":[{"href":"http:\/\/www.eeudfboulogne.fr\/v2\/wp-json\/wp\/v2\/types\/page"}],"author":[{"embeddable":true,"href":"http:\/\/www.eeudfboulogne.fr\/v2\/wp-json\/wp\/v2\/users\/281"}],"replies":[{"embeddable":true,"href":"http:\/\/www.eeudfboulogne.fr\/v2\/wp-json\/wp\/v2\/comments?post=10680"}],"version-history":[{"count":1,"href":"http:\/\/www.eeudfboulogne.fr\/v2\/wp-json\/wp\/v2\/pages\/10680\/revisions"}],"predecessor-version":[{"id":10681,"href":"http:\/\/www.eeudfboulogne.fr\/v2\/wp-json\/wp\/v2\/pages\/10680\/revisions\/10681"}],"wp:attachment":[{"href":"http:\/\/www.eeudfboulogne.fr\/v2\/wp-json\/wp\/v2\/media?parent=10680"}],"curies":[{"name":"wp","href":"https:\/\/api.w.org\/{rel}","templated":true}]}}